{"id":3346,"date":"2023-04-12T17:02:34","date_gmt":"2023-04-12T15:02:34","guid":{"rendered":"https:\/\/cyclingstuff.nl\/b2b-home\/"},"modified":"2025-10-01T16:04:20","modified_gmt":"2025-10-01T14:04:20","slug":"b2b-home","status":"publish","type":"page","link":"https:\/\/cyclingstuff.nl\/fr\/b2b-home\/","title":{"rendered":"B2B HOME"},"content":{"rendered":"\n<style type=\"text\/css\" data-created_by=\"avia_inline_auto\" id=\"style-css-av-lgdtnvgc-b3ca5a9fe3adbb17a760138c7048459d\">\n.avia-section.av-lgdtnvgc-b3ca5a9fe3adbb17a760138c7048459d .av-parallax .av-parallax-inner{\nbackground-repeat:no-repeat;\nbackground-image:url(https:\/\/cyclingstuff.nl\/wp-content\/uploads\/2022\/12\/HeadSpace-50-LR-for-Webcombi0-1500x430.jpg);\nbackground-position:0% 0%;\nbackground-attachment:scroll;\n}\n<\/style>\n<div id='av_section_1'  class='avia-section av-lgdtnvgc-b3ca5a9fe3adbb17a760138c7048459d main_color avia-section-default avia-no-border-styling  avia-builder-el-0  avia-builder-el-no-sibling  av-parallax-section avia-bg-style-parallax av-minimum-height av-minimum-height-50 av-height-50  container_wrap fullsize'  data-section-bg-repeat='no-repeat' data-av_minimum_height_pc='50' data-av_min_height_opt='50'><div class='av-parallax' data-avia-parallax-ratio='0.3' ><div class='av-parallax-inner main_color avia-full-stretch'><\/div><\/div><div class='container av-section-cont-open' ><main  role=\"main\" itemprop=\"mainContentOfPage\"  class='template-page content  av-content-full alpha units'><div class='post-entry post-entry-type-page post-entry-3346'><div class='entry-content-wrapper clearfix'>\n<div  class='flex_column av-1vnqdo-68c7da92563daf62567d91744a0872d6 av_one_full  avia-builder-el-1  el_before_av_one_fourth  avia-builder-el-first  first flex_column_div  '     ><style type=\"text\/css\" data-created_by=\"avia_inline_auto\" id=\"style-css-av-lgdtoa52-62c468a48daf34797d4898dc7028459d\">\n#top .av-special-heading.av-lgdtoa52-62c468a48daf34797d4898dc7028459d{\npadding-bottom:10px;\ncolor:#ffffff;\n}\nbody .av-special-heading.av-lgdtoa52-62c468a48daf34797d4898dc7028459d .av-special-heading-tag .heading-char{\nfont-size:25px;\n}\n.av-special-heading.av-lgdtoa52-62c468a48daf34797d4898dc7028459d .special-heading-inner-border{\nborder-color:#ffffff;\n}\n.av-special-heading.av-lgdtoa52-62c468a48daf34797d4898dc7028459d .av-subheading{\nfont-size:15px;\n}\n<\/style>\n<div  class='av-special-heading av-lgdtoa52-62c468a48daf34797d4898dc7028459d av-special-heading-h1 custom-color-heading blockquote modern-quote  avia-builder-el-2  avia-builder-el-no-sibling '><h1 class='av-special-heading-tag '  itemprop=\"headline\"  >LA VENTE AU D\u00c9TAIL D\u2019ARTICLES DE CYCLISME.<\/h1><div class=\"special-heading-border\"><div class=\"special-heading-inner-border\"><\/div><\/div><\/div><\/div><div  class='flex_column av-avmf0-857cc9e12383a338137bb2629fb9686b av_one_fourth  avia-builder-el-3  el_after_av_one_full  el_before_av_one_half  first flex_column_div  column-top-margin'     ><\/div>\n<style type=\"text\/css\" data-created_by=\"avia_inline_auto\" id=\"style-css-av-lgf56wik-93254ca1175df89e86f84ca33d87840c\">\n.flex_column.av-lgf56wik-93254ca1175df89e86f84ca33d87840c{\npadding:30px 30px 30px 30px;\nbackground-color:rgba(241,96,13,0.6);\n}\n<\/style>\n<div  class='flex_column av-lgf56wik-93254ca1175df89e86f84ca33d87840c av_one_half  avia-builder-el-4  el_after_av_one_fourth  avia-builder-el-last  flex_column_div  column-top-margin'     ><style type=\"text\/css\" data-created_by=\"avia_inline_auto\" id=\"style-css-av-lgf50sjz-a86472b886650362f106841fd3904da4\">\n#top .av_textblock_section.av-lgf50sjz-a86472b886650362f106841fd3904da4 .avia_textblock{\ncolor:#ffffff;\n}\n<\/style>\n<section  class='av_textblock_section av-lgf50sjz-a86472b886650362f106841fd3904da4 '   itemscope=\"itemscope\" itemtype=\"https:\/\/schema.org\/CreativeWork\" ><div class='avia_textblock av_inherit_color'  itemprop=\"text\" ><p><strong>PRENDRE EN COMPTE :<\/strong><\/p>\n<ul>\n<li><strong>Tous les prix indiqu\u00e9s s&#8217;entendent hors TVA<\/strong><\/li>\n<li><strong>Paiement par iDeal ou par contact bancaire<br \/>\n<\/strong><\/li>\n<li><strong>Facture num\u00e9rique avec sp\u00e9cification de la TVA<\/strong><\/li>\n<li><strong>Les frais d&#8217;exp\u00e9dition s&#8217;\u00e9l\u00e8vent \u00e0 6,95 euros pour toute l&#8217;Europe.<\/strong><\/li>\n<li><strong>\u00c0 partir de 75 \u20ac, frais de port gratuits<\/strong><\/li>\n<\/ul>\n<\/div><\/section><\/div>\n","protected":false},"excerpt":{"rendered":"","protected":false},"author":2,"featured_media":0,"parent":0,"menu_order":0,"comment_status":"closed","ping_status":"closed","template":"","meta":{"footnotes":""},"class_list":["post-3346","page","type-page","status-publish","hentry"],"yoast_head":"<!-- This site is optimized with the Yoast SEO plugin v27.4 - https:\/\/yoast.com\/product\/yoast-seo-wordpress\/ -->\n<title>B2B HOME - Cyclingstuff<\/title>\n<meta name=\"robots\" content=\"index, follow, max-snippet:-1, max-image-preview:large, max-video-preview:-1\" \/>\n<link rel=\"canonical\" href=\"https:\/\/cyclingstuff.nl\/fr\/b2b-home\/\" \/>\n<meta property=\"og:locale\" content=\"fr_FR\" \/>\n<meta property=\"og:type\" content=\"article\" \/>\n<meta property=\"og:title\" content=\"B2B HOME - Cyclingstuff\" \/>\n<meta property=\"og:url\" content=\"https:\/\/cyclingstuff.nl\/fr\/b2b-home\/\" \/>\n<meta property=\"og:site_name\" content=\"Cyclingstuff\" \/>\n<meta property=\"article:modified_time\" content=\"2025-10-01T14:04:20+00:00\" \/>\n<meta property=\"og:image\" content=\"https:\/\/cyclingstuff.nl\/wp-content\/uploads\/2022\/12\/DTrumpore_102022_EWS.TON_cutout_2000x700.webp\" \/>\n\t<meta property=\"og:image:width\" content=\"2000\" \/>\n\t<meta property=\"og:image:height\" content=\"700\" \/>\n\t<meta property=\"og:image:type\" content=\"image\/webp\" \/>\n<meta name=\"twitter:card\" content=\"summary_large_image\" \/>\n<meta name=\"twitter:label1\" content=\"Dur\u00e9e de lecture estim\u00e9e\" \/>\n\t<meta name=\"twitter:data1\" content=\"6 minutes\" \/>\n<script type=\"application\/ld+json\" class=\"yoast-schema-graph\">{\"@context\":\"https:\\\/\\\/schema.org\",\"@graph\":[{\"@type\":\"WebPage\",\"@id\":\"https:\\\/\\\/cyclingstuff.nl\\\/fr\\\/b2b-home\\\/\",\"url\":\"https:\\\/\\\/cyclingstuff.nl\\\/fr\\\/b2b-home\\\/\",\"name\":\"B2B HOME - Cyclingstuff\",\"isPartOf\":{\"@id\":\"https:\\\/\\\/cyclingstuff.nl\\\/fr\\\/#website\"},\"datePublished\":\"2023-04-12T15:02:34+00:00\",\"dateModified\":\"2025-10-01T14:04:20+00:00\",\"breadcrumb\":{\"@id\":\"https:\\\/\\\/cyclingstuff.nl\\\/fr\\\/b2b-home\\\/#breadcrumb\"},\"inLanguage\":\"fr-FR\",\"potentialAction\":[{\"@type\":\"ReadAction\",\"target\":[\"https:\\\/\\\/cyclingstuff.nl\\\/fr\\\/b2b-home\\\/\"]}]},{\"@type\":\"BreadcrumbList\",\"@id\":\"https:\\\/\\\/cyclingstuff.nl\\\/fr\\\/b2b-home\\\/#breadcrumb\",\"itemListElement\":[{\"@type\":\"ListItem\",\"position\":1,\"name\":\"Home\",\"item\":\"https:\\\/\\\/cyclingstuff.nl\\\/fr\\\/\"},{\"@type\":\"ListItem\",\"position\":2,\"name\":\"B2B HOME\"}]},{\"@type\":\"WebSite\",\"@id\":\"https:\\\/\\\/cyclingstuff.nl\\\/fr\\\/#website\",\"url\":\"https:\\\/\\\/cyclingstuff.nl\\\/fr\\\/\",\"name\":\"Cyclingstuff\",\"description\":\"stuff to cycle, ride with a smile!\",\"publisher\":{\"@id\":\"https:\\\/\\\/cyclingstuff.nl\\\/fr\\\/#organization\"},\"potentialAction\":[{\"@type\":\"SearchAction\",\"target\":{\"@type\":\"EntryPoint\",\"urlTemplate\":\"https:\\\/\\\/cyclingstuff.nl\\\/fr\\\/?s={search_term_string}\"},\"query-input\":{\"@type\":\"PropertyValueSpecification\",\"valueRequired\":true,\"valueName\":\"search_term_string\"}}],\"inLanguage\":\"fr-FR\"},{\"@type\":\"Organization\",\"@id\":\"https:\\\/\\\/cyclingstuff.nl\\\/fr\\\/#organization\",\"name\":\"Cyclingstuff\",\"alternateName\":\"Flow Sport Company BV\",\"url\":\"https:\\\/\\\/cyclingstuff.nl\\\/fr\\\/\",\"logo\":{\"@type\":\"ImageObject\",\"inLanguage\":\"fr-FR\",\"@id\":\"https:\\\/\\\/cyclingstuff.nl\\\/fr\\\/#\\\/schema\\\/logo\\\/image\\\/\",\"url\":\"https:\\\/\\\/cyclingstuff.nl\\\/wp-content\\\/uploads\\\/2022\\\/12\\\/logo-CyclingStuff-Def-01_340x342.webp\",\"contentUrl\":\"https:\\\/\\\/cyclingstuff.nl\\\/wp-content\\\/uploads\\\/2022\\\/12\\\/logo-CyclingStuff-Def-01_340x342.webp\",\"width\":340,\"height\":342,\"caption\":\"Cyclingstuff\"},\"image\":{\"@id\":\"https:\\\/\\\/cyclingstuff.nl\\\/fr\\\/#\\\/schema\\\/logo\\\/image\\\/\"}}]}<\/script>\n<!-- \/ Yoast SEO plugin. -->","yoast_head_json":{"title":"B2B HOME - Cyclingstuff","robots":{"index":"index","follow":"follow","max-snippet":"max-snippet:-1","max-image-preview":"max-image-preview:large","max-video-preview":"max-video-preview:-1"},"canonical":"https:\/\/cyclingstuff.nl\/fr\/b2b-home\/","og_locale":"fr_FR","og_type":"article","og_title":"B2B HOME - Cyclingstuff","og_url":"https:\/\/cyclingstuff.nl\/fr\/b2b-home\/","og_site_name":"Cyclingstuff","article_modified_time":"2025-10-01T14:04:20+00:00","og_image":[{"width":2000,"height":700,"url":"https:\/\/cyclingstuff.nl\/wp-content\/uploads\/2022\/12\/DTrumpore_102022_EWS.TON_cutout_2000x700.webp","type":"image\/webp"}],"twitter_card":"summary_large_image","twitter_misc":{"Dur\u00e9e de lecture estim\u00e9e":"6 minutes"},"schema":{"@context":"https:\/\/schema.org","@graph":[{"@type":"WebPage","@id":"https:\/\/cyclingstuff.nl\/fr\/b2b-home\/","url":"https:\/\/cyclingstuff.nl\/fr\/b2b-home\/","name":"B2B HOME - Cyclingstuff","isPartOf":{"@id":"https:\/\/cyclingstuff.nl\/fr\/#website"},"datePublished":"2023-04-12T15:02:34+00:00","dateModified":"2025-10-01T14:04:20+00:00","breadcrumb":{"@id":"https:\/\/cyclingstuff.nl\/fr\/b2b-home\/#breadcrumb"},"inLanguage":"fr-FR","potentialAction":[{"@type":"ReadAction","target":["https:\/\/cyclingstuff.nl\/fr\/b2b-home\/"]}]},{"@type":"BreadcrumbList","@id":"https:\/\/cyclingstuff.nl\/fr\/b2b-home\/#breadcrumb","itemListElement":[{"@type":"ListItem","position":1,"name":"Home","item":"https:\/\/cyclingstuff.nl\/fr\/"},{"@type":"ListItem","position":2,"name":"B2B HOME"}]},{"@type":"WebSite","@id":"https:\/\/cyclingstuff.nl\/fr\/#website","url":"https:\/\/cyclingstuff.nl\/fr\/","name":"Cyclingstuff","description":"stuff to cycle, ride with a smile!","publisher":{"@id":"https:\/\/cyclingstuff.nl\/fr\/#organization"},"potentialAction":[{"@type":"SearchAction","target":{"@type":"EntryPoint","urlTemplate":"https:\/\/cyclingstuff.nl\/fr\/?s={search_term_string}"},"query-input":{"@type":"PropertyValueSpecification","valueRequired":true,"valueName":"search_term_string"}}],"inLanguage":"fr-FR"},{"@type":"Organization","@id":"https:\/\/cyclingstuff.nl\/fr\/#organization","name":"Cyclingstuff","alternateName":"Flow Sport Company BV","url":"https:\/\/cyclingstuff.nl\/fr\/","logo":{"@type":"ImageObject","inLanguage":"fr-FR","@id":"https:\/\/cyclingstuff.nl\/fr\/#\/schema\/logo\/image\/","url":"https:\/\/cyclingstuff.nl\/wp-content\/uploads\/2022\/12\/logo-CyclingStuff-Def-01_340x342.webp","contentUrl":"https:\/\/cyclingstuff.nl\/wp-content\/uploads\/2022\/12\/logo-CyclingStuff-Def-01_340x342.webp","width":340,"height":342,"caption":"Cyclingstuff"},"image":{"@id":"https:\/\/cyclingstuff.nl\/fr\/#\/schema\/logo\/image\/"}}]}},"jetpack_sharing_enabled":true,"_links":{"self":[{"href":"https:\/\/cyclingstuff.nl\/fr\/wp-json\/wp\/v2\/pages\/3346","targetHints":{"allow":["GET"]}}],"collection":[{"href":"https:\/\/cyclingstuff.nl\/fr\/wp-json\/wp\/v2\/pages"}],"about":[{"href":"https:\/\/cyclingstuff.nl\/fr\/wp-json\/wp\/v2\/types\/page"}],"author":[{"embeddable":true,"href":"https:\/\/cyclingstuff.nl\/fr\/wp-json\/wp\/v2\/users\/2"}],"replies":[{"embeddable":true,"href":"https:\/\/cyclingstuff.nl\/fr\/wp-json\/wp\/v2\/comments?post=3346"}],"version-history":[{"count":4,"href":"https:\/\/cyclingstuff.nl\/fr\/wp-json\/wp\/v2\/pages\/3346\/revisions"}],"predecessor-version":[{"id":4501,"href":"https:\/\/cyclingstuff.nl\/fr\/wp-json\/wp\/v2\/pages\/3346\/revisions\/4501"}],"wp:attachment":[{"href":"https:\/\/cyclingstuff.nl\/fr\/wp-json\/wp\/v2\/media?parent=3346"}],"curies":[{"name":"wp","href":"https:\/\/api.w.org\/{rel}","templated":true}]}}