{"id":3330,"date":"2015-03-03T02:10:42","date_gmt":"2015-03-03T01:10:42","guid":{"rendered":"https:\/\/cyclingstuff.nl\/contact\/"},"modified":"2025-01-29T20:41:12","modified_gmt":"2025-01-29T19:41:12","slug":"contact","status":"publish","type":"page","link":"https:\/\/cyclingstuff.nl\/fr\/contact\/","title":{"rendered":"Contact"},"content":{"rendered":"\n<style type=\"text\/css\" data-created_by=\"avia_inline_auto\" id=\"style-css-av-lacazqv6-2c0ff49cc5d5e09dda91821a4b99cb5c\">\n.avia-section.av-lacazqv6-2c0ff49cc5d5e09dda91821a4b99cb5c .av-parallax .av-parallax-inner{\nbackground-repeat:no-repeat;\nbackground-image:url(https:\/\/cyclingstuff.nl\/wp-content\/uploads\/2022\/11\/pexels-pixabay-161172.webp);\nbackground-position:50% 50%;\nbackground-attachment:scroll;\n}\n<\/style>\n<div id='av_section_1'  class='avia-section av-lacazqv6-2c0ff49cc5d5e09dda91821a4b99cb5c main_color avia-section-huge avia-no-border-styling  avia-builder-el-0  el_before_av_layout_row  avia-builder-el-first  avia-full-stretch av-parallax-section avia-bg-style-parallax av-minimum-height av-minimum-height-50 av-height-50  container_wrap fullsize'  data-section-bg-repeat='stretch' data-av_minimum_height_pc='50' data-av_min_height_opt='50'><div class='av-parallax' data-avia-parallax-ratio='0.3' ><div class='av-parallax-inner main_color avia-full-stretch'><\/div><\/div><div class='container av-section-cont-open' ><main  role=\"main\" itemprop=\"mainContentOfPage\"  class='template-page content  av-content-full alpha units'><div class='post-entry post-entry-type-page post-entry-3330'><div class='entry-content-wrapper clearfix'>\n<\/div><\/div><\/main><!-- close content main element --><\/div><\/div><div id='av-layout-grid-1'  class='av-layout-grid-container av-1lh70-6b4c8262a69a9f7be6049923999543e4 entry-content-wrapper main_color av-flex-cells  avia-builder-el-1  el_after_av_section  el_before_av_section  grid-row-not-first  container_wrap fullsize'  >\n\n<style type=\"text\/css\" data-created_by=\"avia_inline_auto\" id=\"style-css-av-f5s1w-e2ae2bbbf6ef9091793a0ed855e9bcaa\">\n.flex_cell.av-f5s1w-e2ae2bbbf6ef9091793a0ed855e9bcaa{\nvertical-align:top;\n}\n.responsive #top #wrap_all .flex_cell.av-f5s1w-e2ae2bbbf6ef9091793a0ed855e9bcaa{\npadding:30px 60px 30px 60px !important;\n}\n<\/style>\n<div class='flex_cell av-f5s1w-e2ae2bbbf6ef9091793a0ed855e9bcaa av-gridrow-cell av_two_third no_margin  avia-builder-el-2  el_before_av_cell_one_third  avia-builder-el-first  content-align-top'  ><div class='flex_cell_inner'><p>\n<style type=\"text\/css\" data-created_by=\"avia_inline_auto\" id=\"style-css-av-lc67xfc2-edd5257e98fc80548de317b6e606acae\">\n#top .av-special-heading.av-lc67xfc2-edd5257e98fc80548de317b6e606acae{\npadding-bottom:10px;\n}\nbody .av-special-heading.av-lc67xfc2-edd5257e98fc80548de317b6e606acae .av-special-heading-tag .heading-char{\nfont-size:25px;\n}\n.av-special-heading.av-lc67xfc2-edd5257e98fc80548de317b6e606acae .av-subheading{\nfont-size:15px;\n}\n<\/style>\n<div  class='av-special-heading av-lc67xfc2-edd5257e98fc80548de317b6e606acae av-special-heading-h3 blockquote modern-quote  avia-builder-el-3  el_before_av_codeblock  avia-builder-el-first '><h3 class='av-special-heading-tag '  itemprop=\"headline\"  >Formulaire de contact<\/h3><div class=\"special-heading-border\"><div class=\"special-heading-inner-border\"><\/div><\/div><\/div><br \/>\n<\/p>\n<\/div><\/div>\n<style type=\"text\/css\" data-created_by=\"avia_inline_auto\" id=\"style-css-av-buh58-19f27562181e1e0f5d68612041c0f6ae\">\n.flex_cell.av-buh58-19f27562181e1e0f5d68612041c0f6ae{\nvertical-align:top;\nbackground-color:#fef6ed;\n}\n.responsive #top #wrap_all .flex_cell.av-buh58-19f27562181e1e0f5d68612041c0f6ae{\npadding:30px 30px 30px 30px !important;\n}\n<\/style>\n<div class='flex_cell av-buh58-19f27562181e1e0f5d68612041c0f6ae av-gridrow-cell av_one_third no_margin  avia-builder-el-5  el_after_av_cell_two_third  avia-builder-el-last  content-align-top'  ><div class='flex_cell_inner'><section  class='av_textblock_section av-lacaoc34-35ae5abc1e5a4bf5ae6c59c4a1090809 '   itemscope=\"itemscope\" itemtype=\"https:\/\/schema.org\/CreativeWork\" ><div class='avia_textblock'  itemprop=\"text\" ><h3>Adresse de contact :<\/h3>\n<p><strong>Cyclingstuff.nl<\/strong><br \/>\n<em>(Une marque de Flow Sports Company bv)<\/em><\/p>\n<p>Balkbrug Oost 69A 5236 PW, Den Bosch Pays-Bas La visite ou la collecte n&#8217;est pas possible. Nous n&#8217;avons pas de magasin o\u00f9 nos<a href=\"\/shop\/\">produits<\/a> peuvent \u00eatre expos\u00e9s ou essay\u00e9s.<\/p>\n<h3>Contact :<\/h3>\n<p>e-Mail :  <a href=\"mailto:info@cyclingstuff.nl\">info@cyclingstuff.nl<\/a><\/p>\n<p>T\u00e9l\u00e9phone : <a href=\"tel:+31733690479\">073 &#8211; 3690479<\/a><\/p>\n<h3>Informations sur l&#8217;entreprise :<\/h3>\n<p>Chambre de commerce : 75814625 TVA : NL860405667B01<\/p>\n<h3>Les m\u00e9dias sociaux :<\/h3>\n<p>Facebook <a href=\"\">: https:\/\/www.facebook.com\/flowsportsdistribution<\/a> Instagram :  <a href=\"https:\/\/www.instagram.com\/flowsportsdistribution\/\">https:\/\/www.instagram.com\/flowsportsdistribution\/<\/a><\/p>\n<\/div><\/section>\n<\/div><\/div><\/div>\n<style type=\"text\/css\" data-created_by=\"avia_inline_auto\" id=\"style-css-av-52rx4-a1f222fa7ba1e18cb9b3d53f2972d9d5\">\n.avia-section.av-52rx4-a1f222fa7ba1e18cb9b3d53f2972d9d5 .av-section-color-overlay{\nopacity:0.7;\nbackground-color:#6786a1;\n}\n<\/style>\n<div id='sign-up'  class='avia-section av-52rx4-a1f222fa7ba1e18cb9b3d53f2972d9d5 main_color avia-section-default avia-no-shadow  avia-builder-el-7  el_after_av_layout_row  avia-builder-el-last  avia-bg-style-parallax av-section-color-overlay-active container_wrap fullsize'  ><div class=\"av-section-color-overlay-wrap\"><div class=\"av-section-color-overlay\"><\/div><div class='container av-section-cont-open' ><div class='template-page content  av-content-full alpha units'><div class='post-entry post-entry-type-page post-entry-3330'><div class='entry-content-wrapper clearfix'>\n\n<style type=\"text\/css\" data-created_by=\"avia_inline_auto\" id=\"style-css-av-4ijg4-c2c9ef7eff6a26953ade90fc345ae18b\">\n#top .av-special-heading.av-4ijg4-c2c9ef7eff6a26953ade90fc345ae18b{\npadding-bottom:10px;\ncolor:#ffffff;\nfont-size:30px;\n}\nbody .av-special-heading.av-4ijg4-c2c9ef7eff6a26953ade90fc345ae18b .av-special-heading-tag .heading-char{\nfont-size:25px;\n}\n#top #wrap_all .av-special-heading.av-4ijg4-c2c9ef7eff6a26953ade90fc345ae18b .av-special-heading-tag{\nfont-size:30px;\n}\n.av-special-heading.av-4ijg4-c2c9ef7eff6a26953ade90fc345ae18b .special-heading-inner-border{\nborder-color:#ffffff;\n}\n.av-special-heading.av-4ijg4-c2c9ef7eff6a26953ade90fc345ae18b .av-subheading{\nfont-size:15px;\n}\n\n@media only screen and (min-width: 480px) and (max-width: 767px){ \n#top #wrap_all .av-special-heading.av-4ijg4-c2c9ef7eff6a26953ade90fc345ae18b .av-special-heading-tag{\nfont-size:0.8em;\n}\n}\n\n@media only screen and (max-width: 479px){ \n#top #wrap_all .av-special-heading.av-4ijg4-c2c9ef7eff6a26953ade90fc345ae18b .av-special-heading-tag{\nfont-size:0.8em;\n}\n}\n<\/style>\n<div  class='av-special-heading av-4ijg4-c2c9ef7eff6a26953ade90fc345ae18b av-special-heading-h3 custom-color-heading blockquote modern-quote modern-centered  avia-builder-el-8  el_before_av_one_fifth  avia-builder-el-first  av-inherit-size'><h3 class='av-special-heading-tag '  itemprop=\"headline\"  >Vous voulez rester inform\u00e9 ? Inscrivez-vous \u00e0 notre Newsletter ! <\/h3><div class=\"special-heading-border\"><div class=\"special-heading-inner-border\"><\/div><\/div><\/div>\n<div  class='flex_column av-3uddw-1d778462fcb311125b3ec6c58603ef7b av_one_fifth  avia-builder-el-9  el_after_av_heading  el_before_av_three_fifth  first flex_column_div  '     ><\/div><div  class='flex_column av-3i6ng-642767338fea46439ae51fc6eda9b07c av_three_fifth  avia-builder-el-10  el_after_av_one_fifth  el_before_av_one_fifth  flex_column_div  '     ><\/div><div  class='flex_column av-u5ec-bf2923b67d887aedda8d563a584f8cd6 av_one_fifth  avia-builder-el-12  el_after_av_three_fifth  avia-builder-el-last  flex_column_div  '     ><\/div>\n<\/p>\n","protected":false},"excerpt":{"rendered":"","protected":false},"author":2,"featured_media":0,"parent":0,"menu_order":0,"comment_status":"open","ping_status":"closed","template":"","meta":{"footnotes":""},"class_list":["post-3330","page","type-page","status-publish","hentry"],"yoast_head":"<!-- This site is optimized with the Yoast SEO plugin v27.3 - https:\/\/yoast.com\/product\/yoast-seo-wordpress\/ -->\n<title>Contact - Cyclingstuff<\/title>\n<meta name=\"description\" content=\"Contacter Cyclingstuff : Adresse et itin\u00e9raire, informations sur l&#039;entreprise et formulaire de contact pour entrer en contact avec Cyclingstuff.\" \/>\n<meta name=\"robots\" content=\"index, follow, max-snippet:-1, max-image-preview:large, max-video-preview:-1\" \/>\n<link rel=\"canonical\" href=\"https:\/\/cyclingstuff.nl\/fr\/contact\/\" \/>\n<meta property=\"og:locale\" content=\"fr_FR\" \/>\n<meta property=\"og:type\" content=\"article\" \/>\n<meta property=\"og:title\" content=\"Contact - Cyclingstuff\" \/>\n<meta property=\"og:description\" content=\"Contacter Cyclingstuff : Adresse et itin\u00e9raire, informations sur l&#039;entreprise et formulaire de contact pour entrer en contact avec Cyclingstuff.\" \/>\n<meta property=\"og:url\" content=\"https:\/\/cyclingstuff.nl\/fr\/contact\/\" \/>\n<meta property=\"og:site_name\" content=\"Cyclingstuff\" \/>\n<meta property=\"article:modified_time\" content=\"2025-01-29T19:41:12+00:00\" \/>\n<meta property=\"og:image\" content=\"https:\/\/cyclingstuff.nl\/wp-content\/uploads\/2022\/12\/DTrumpore_102022_EWS.TON_cutout_2000x700.webp\" \/>\n\t<meta property=\"og:image:width\" content=\"2000\" \/>\n\t<meta property=\"og:image:height\" content=\"700\" \/>\n\t<meta property=\"og:image:type\" content=\"image\/webp\" \/>\n<meta name=\"twitter:card\" content=\"summary_large_image\" \/>\n<meta name=\"twitter:label1\" content=\"Dur\u00e9e de lecture estim\u00e9e\" \/>\n\t<meta name=\"twitter:data1\" content=\"4 minutes\" \/>\n<script type=\"application\/ld+json\" class=\"yoast-schema-graph\">{\"@context\":\"https:\\\/\\\/schema.org\",\"@graph\":[{\"@type\":\"WebPage\",\"@id\":\"https:\\\/\\\/cyclingstuff.nl\\\/fr\\\/contact\\\/\",\"url\":\"https:\\\/\\\/cyclingstuff.nl\\\/fr\\\/contact\\\/\",\"name\":\"Contact - Cyclingstuff\",\"isPartOf\":{\"@id\":\"https:\\\/\\\/cyclingstuff.nl\\\/fr\\\/#website\"},\"datePublished\":\"2015-03-03T01:10:42+00:00\",\"dateModified\":\"2025-01-29T19:41:12+00:00\",\"description\":\"Contacter Cyclingstuff : Adresse et itin\u00e9raire, informations sur l'entreprise et formulaire de contact pour entrer en contact avec Cyclingstuff.\",\"breadcrumb\":{\"@id\":\"https:\\\/\\\/cyclingstuff.nl\\\/fr\\\/contact\\\/#breadcrumb\"},\"inLanguage\":\"fr-FR\",\"potentialAction\":[{\"@type\":\"ReadAction\",\"target\":[\"https:\\\/\\\/cyclingstuff.nl\\\/fr\\\/contact\\\/\"]}]},{\"@type\":\"BreadcrumbList\",\"@id\":\"https:\\\/\\\/cyclingstuff.nl\\\/fr\\\/contact\\\/#breadcrumb\",\"itemListElement\":[{\"@type\":\"ListItem\",\"position\":1,\"name\":\"Home\",\"item\":\"https:\\\/\\\/cyclingstuff.nl\\\/fr\\\/\"},{\"@type\":\"ListItem\",\"position\":2,\"name\":\"Contact\"}]},{\"@type\":\"WebSite\",\"@id\":\"https:\\\/\\\/cyclingstuff.nl\\\/fr\\\/#website\",\"url\":\"https:\\\/\\\/cyclingstuff.nl\\\/fr\\\/\",\"name\":\"Cyclingstuff\",\"description\":\"stuff to cycle, ride with a smile!\",\"publisher\":{\"@id\":\"https:\\\/\\\/cyclingstuff.nl\\\/fr\\\/#organization\"},\"potentialAction\":[{\"@type\":\"SearchAction\",\"target\":{\"@type\":\"EntryPoint\",\"urlTemplate\":\"https:\\\/\\\/cyclingstuff.nl\\\/fr\\\/?s={search_term_string}\"},\"query-input\":{\"@type\":\"PropertyValueSpecification\",\"valueRequired\":true,\"valueName\":\"search_term_string\"}}],\"inLanguage\":\"fr-FR\"},{\"@type\":\"Organization\",\"@id\":\"https:\\\/\\\/cyclingstuff.nl\\\/fr\\\/#organization\",\"name\":\"Cyclingstuff\",\"alternateName\":\"Flow Sport Company BV\",\"url\":\"https:\\\/\\\/cyclingstuff.nl\\\/fr\\\/\",\"logo\":{\"@type\":\"ImageObject\",\"inLanguage\":\"fr-FR\",\"@id\":\"https:\\\/\\\/cyclingstuff.nl\\\/fr\\\/#\\\/schema\\\/logo\\\/image\\\/\",\"url\":\"https:\\\/\\\/cyclingstuff.nl\\\/wp-content\\\/uploads\\\/2022\\\/12\\\/logo-CyclingStuff-Def-01_340x342.webp\",\"contentUrl\":\"https:\\\/\\\/cyclingstuff.nl\\\/wp-content\\\/uploads\\\/2022\\\/12\\\/logo-CyclingStuff-Def-01_340x342.webp\",\"width\":340,\"height\":342,\"caption\":\"Cyclingstuff\"},\"image\":{\"@id\":\"https:\\\/\\\/cyclingstuff.nl\\\/fr\\\/#\\\/schema\\\/logo\\\/image\\\/\"}}]}<\/script>\n<!-- \/ Yoast SEO plugin. -->","yoast_head_json":{"title":"Contact - Cyclingstuff","description":"Contacter Cyclingstuff : Adresse et itin\u00e9raire, informations sur l'entreprise et formulaire de contact pour entrer en contact avec Cyclingstuff.","robots":{"index":"index","follow":"follow","max-snippet":"max-snippet:-1","max-image-preview":"max-image-preview:large","max-video-preview":"max-video-preview:-1"},"canonical":"https:\/\/cyclingstuff.nl\/fr\/contact\/","og_locale":"fr_FR","og_type":"article","og_title":"Contact - Cyclingstuff","og_description":"Contacter Cyclingstuff : Adresse et itin\u00e9raire, informations sur l'entreprise et formulaire de contact pour entrer en contact avec Cyclingstuff.","og_url":"https:\/\/cyclingstuff.nl\/fr\/contact\/","og_site_name":"Cyclingstuff","article_modified_time":"2025-01-29T19:41:12+00:00","og_image":[{"width":2000,"height":700,"url":"https:\/\/cyclingstuff.nl\/wp-content\/uploads\/2022\/12\/DTrumpore_102022_EWS.TON_cutout_2000x700.webp","type":"image\/webp"}],"twitter_card":"summary_large_image","twitter_misc":{"Dur\u00e9e de lecture estim\u00e9e":"4 minutes"},"schema":{"@context":"https:\/\/schema.org","@graph":[{"@type":"WebPage","@id":"https:\/\/cyclingstuff.nl\/fr\/contact\/","url":"https:\/\/cyclingstuff.nl\/fr\/contact\/","name":"Contact - Cyclingstuff","isPartOf":{"@id":"https:\/\/cyclingstuff.nl\/fr\/#website"},"datePublished":"2015-03-03T01:10:42+00:00","dateModified":"2025-01-29T19:41:12+00:00","description":"Contacter Cyclingstuff : Adresse et itin\u00e9raire, informations sur l'entreprise et formulaire de contact pour entrer en contact avec Cyclingstuff.","breadcrumb":{"@id":"https:\/\/cyclingstuff.nl\/fr\/contact\/#breadcrumb"},"inLanguage":"fr-FR","potentialAction":[{"@type":"ReadAction","target":["https:\/\/cyclingstuff.nl\/fr\/contact\/"]}]},{"@type":"BreadcrumbList","@id":"https:\/\/cyclingstuff.nl\/fr\/contact\/#breadcrumb","itemListElement":[{"@type":"ListItem","position":1,"name":"Home","item":"https:\/\/cyclingstuff.nl\/fr\/"},{"@type":"ListItem","position":2,"name":"Contact"}]},{"@type":"WebSite","@id":"https:\/\/cyclingstuff.nl\/fr\/#website","url":"https:\/\/cyclingstuff.nl\/fr\/","name":"Cyclingstuff","description":"stuff to cycle, ride with a smile!","publisher":{"@id":"https:\/\/cyclingstuff.nl\/fr\/#organization"},"potentialAction":[{"@type":"SearchAction","target":{"@type":"EntryPoint","urlTemplate":"https:\/\/cyclingstuff.nl\/fr\/?s={search_term_string}"},"query-input":{"@type":"PropertyValueSpecification","valueRequired":true,"valueName":"search_term_string"}}],"inLanguage":"fr-FR"},{"@type":"Organization","@id":"https:\/\/cyclingstuff.nl\/fr\/#organization","name":"Cyclingstuff","alternateName":"Flow Sport Company BV","url":"https:\/\/cyclingstuff.nl\/fr\/","logo":{"@type":"ImageObject","inLanguage":"fr-FR","@id":"https:\/\/cyclingstuff.nl\/fr\/#\/schema\/logo\/image\/","url":"https:\/\/cyclingstuff.nl\/wp-content\/uploads\/2022\/12\/logo-CyclingStuff-Def-01_340x342.webp","contentUrl":"https:\/\/cyclingstuff.nl\/wp-content\/uploads\/2022\/12\/logo-CyclingStuff-Def-01_340x342.webp","width":340,"height":342,"caption":"Cyclingstuff"},"image":{"@id":"https:\/\/cyclingstuff.nl\/fr\/#\/schema\/logo\/image\/"}}]}},"jetpack_sharing_enabled":true,"_links":{"self":[{"href":"https:\/\/cyclingstuff.nl\/fr\/wp-json\/wp\/v2\/pages\/3330","targetHints":{"allow":["GET"]}}],"collection":[{"href":"https:\/\/cyclingstuff.nl\/fr\/wp-json\/wp\/v2\/pages"}],"about":[{"href":"https:\/\/cyclingstuff.nl\/fr\/wp-json\/wp\/v2\/types\/page"}],"author":[{"embeddable":true,"href":"https:\/\/cyclingstuff.nl\/fr\/wp-json\/wp\/v2\/users\/2"}],"replies":[{"embeddable":true,"href":"https:\/\/cyclingstuff.nl\/fr\/wp-json\/wp\/v2\/comments?post=3330"}],"version-history":[{"count":5,"href":"https:\/\/cyclingstuff.nl\/fr\/wp-json\/wp\/v2\/pages\/3330\/revisions"}],"predecessor-version":[{"id":3726,"href":"https:\/\/cyclingstuff.nl\/fr\/wp-json\/wp\/v2\/pages\/3330\/revisions\/3726"}],"wp:attachment":[{"href":"https:\/\/cyclingstuff.nl\/fr\/wp-json\/wp\/v2\/media?parent=3330"}],"curies":[{"name":"wp","href":"https:\/\/api.w.org\/{rel}","templated":true}]}}